{"id":30,"date":"2026-02-26T15:43:28","date_gmt":"2026-02-26T14:43:28","guid":{"rendered":"https:\/\/lorygoavec.be\/?page_id=30"},"modified":"2026-02-28T14:20:37","modified_gmt":"2026-02-28T13:20:37","slug":"contact","status":"publish","type":"page","link":"https:\/\/lorygoavec.be\/index.php\/contact\/","title":{"rendered":"Contact"},"content":{"rendered":"\n<h3 class=\"wp-block-heading\">\u00c9changeons sur votre dynamique commerciale.<\/h3>\n\n\n\n<p>Chaque territoire est diff\u00e9rent.<br>Chaque commerce a sa r\u00e9alit\u00e9.<\/p>\n\n\n\n<p>Un \u00e9change permet de clarifier :<\/p>\n\n\n\n<ul class=\"wp-block-list\">\n<li>Vos enjeux actuels<\/li>\n\n\n\n<li>Vos priorit\u00e9s<\/li>\n\n\n\n<li>Vos contraintes<\/li>\n\n\n\n<li>Les leviers r\u00e9ellement pertinents<\/li>\n<\/ul>\n\n\n\n<p>Ce premier contact n\u2019engage \u00e0 rien.<br>Il permet simplement d\u2019objectiver la situation.<\/p>\n\n\n\n<h4 class=\"wp-block-heading\">Pour les communes<\/h4>\n\n\n\n<p class=\"has-text-align-left\">Vous souhaitez \u00e9valuer la maturit\u00e9 strat\u00e9gique de votre <\/p>\n\n\n\n<p class=\"has-text-align-left\">dynamique commerciale ?<\/p>\n\n\n\n<h4 class=\"wp-block-heading\">Pour les commer\u00e7ants<\/h4>\n\n\n\n<p>Vous ressentez le besoin de structurer votre visibilit\u00e9 ou de s\u00e9curiser votre pr\u00e9sence digitale ? Sans jargon? <\/p>\n\n\n\n<div class=\"wp-block-buttons is-layout-flex wp-block-buttons-is-layout-flex\">\n<div class=\"wp-block-button\"><a class=\"wp-block-button__link wp-element-button\" href=\"https:\/\/lorygoavec.be\/index.php\/contact-2\/\">Contact<\/a><\/div>\n<\/div>\n\n\n\n<details class=\"wp-block-details is-layout-flow wp-block-details-is-layout-flow\"><summary>\ud83d\udccd Saint-Ghislain \u2013 Wallonie<br>\ud83d\udce7\u00a0<a>contact@lorygoavec.be<\/a><br>\ud83d\udcde +32 471 42 76 62<br>\ud83c\udfe2 Lonagoze SRL \u2013 BE 0885861 804<\/summary>\n<p><\/p>\n<\/details>\n\n\n\n<blockquote class=\"wp-block-quote is-layout-flow wp-block-quote-is-layout-flow\">\n<p>Prendre du recul est souvent la premi\u00e8re d\u00e9cision strat\u00e9gique.<\/p>\n<\/blockquote>\n","protected":false},"excerpt":{"rendered":"<p>\u00c9changeons sur votre dynamique commerciale. Chaque territoire est diff\u00e9rent.Chaque commerce a sa r\u00e9alit\u00e9. Un \u00e9change permet de clarifier : Ce [&hellip;]<\/p>\n","protected":false},"author":1,"featured_media":0,"parent":0,"menu_order":0,"comment_status":"closed","ping_status":"closed","template":"","meta":{"site-sidebar-layout":"default","site-content-layout":"","ast-site-content-layout":"default","site-content-style":"default","site-sidebar-style":"default","ast-global-header-display":"","ast-banner-title-visibility":"","ast-main-header-display":"","ast-hfb-above-header-display":"","ast-hfb-below-header-display":"","ast-hfb-mobile-header-display":"","site-post-title":"","ast-breadcrumbs-content":"","ast-featured-img":"","footer-sml-layout":"","ast-disable-related-posts":"","theme-transparent-header-meta":"","adv-header-id-meta":"","stick-header-meta":"","header-above-stick-meta":"","header-main-stick-meta":"","header-below-stick-meta":"","astra-migrate-meta-layouts":"default","ast-page-background-enabled":"default","ast-page-background-meta":{"desktop":{"background-color":"var(--ast-global-color-5)","background-image":"","background-repeat":"repeat","background-position":"center center","background-size":"auto","background-attachment":"scroll","background-type":"","background-media":"","overlay-type":"","overlay-color":"","overlay-opacity":"","overlay-gradient":""},"tablet":{"background-color":"","background-image":"","background-repeat":"repeat","background-position":"center center","background-size":"auto","background-attachment":"scroll","background-type":"","background-media":"","overlay-type":"","overlay-color":"","overlay-opacity":"","overlay-gradient":""},"mobile":{"background-color":"","background-image":"","background-repeat":"repeat","background-position":"center center","background-size":"auto","background-attachment":"scroll","background-type":"","background-media":"","overlay-type":"","overlay-color":"","overlay-opacity":"","overlay-gradient":""}},"ast-content-background-meta":{"desktop":{"background-color":"var(--ast-global-color-4)","background-image":"","background-repeat":"repeat","background-position":"center center","background-size":"auto","background-attachment":"scroll","background-type":"","background-media":"","overlay-type":"","overlay-color":"","overlay-opacity":"","overlay-gradient":""},"tablet":{"background-color":"var(--ast-global-color-4)","background-image":"","background-repeat":"repeat","background-position":"center center","background-size":"auto","background-attachment":"scroll","background-type":"","background-media":"","overlay-type":"","overlay-color":"","overlay-opacity":"","overlay-gradient":""},"mobile":{"background-color":"var(--ast-global-color-4)","background-image":"","background-repeat":"repeat","background-position":"center center","background-size":"auto","background-attachment":"scroll","background-type":"","background-media":"","overlay-type":"","overlay-color":"","overlay-opacity":"","overlay-gradient":""}},"footnotes":""},"class_list":["post-30","page","type-page","status-publish","hentry"],"_links":{"self":[{"href":"https:\/\/lorygoavec.be\/index.php\/wp-json\/wp\/v2\/pages\/30","targetHints":{"allow":["GET"]}}],"collection":[{"href":"https:\/\/lorygoavec.be\/index.php\/wp-json\/wp\/v2\/pages"}],"about":[{"href":"https:\/\/lorygoavec.be\/index.php\/wp-json\/wp\/v2\/types\/page"}],"author":[{"embeddable":true,"href":"https:\/\/lorygoavec.be\/index.php\/wp-json\/wp\/v2\/users\/1"}],"replies":[{"embeddable":true,"href":"https:\/\/lorygoavec.be\/index.php\/wp-json\/wp\/v2\/comments?post=30"}],"version-history":[{"count":2,"href":"https:\/\/lorygoavec.be\/index.php\/wp-json\/wp\/v2\/pages\/30\/revisions"}],"predecessor-version":[{"id":154,"href":"https:\/\/lorygoavec.be\/index.php\/wp-json\/wp\/v2\/pages\/30\/revisions\/154"}],"wp:attachment":[{"href":"https:\/\/lorygoavec.be\/index.php\/wp-json\/wp\/v2\/media?parent=30"}],"curies":[{"name":"wp","href":"https:\/\/api.w.org\/{rel}","templated":true}]}}